{"id":1130,"date":"2009-03-25T09:12:59","date_gmt":"2009-03-25T07:12:59","guid":{"rendered":"http:\/\/www.new-york-weblog.de\/?page_id=1130"},"modified":"2011-06-30T14:38:33","modified_gmt":"2011-06-30T12:38:33","slug":"empire-state-building","status":"publish","type":"page","link":"http:\/\/www.new-york-weblog.de\/index.php\/new-york-von-a-bis-z\/empire-state-building\/","title":{"rendered":"Empire State Building"},"content":{"rendered":"<div><span itemprop=\"description\">Eines der Wahrzeichen New Yorks ist ohne Frage das Empire State Building. Wer einmal den Ausblick von der Aussichtsplattform des Wolkenkratzers genie\u00dfen durfte, wird diesen wohl so schnell nicht wieder vergessen.<\/span><\/p>\n<p>Mit dem Bau des Geb\u00e4udes wurde am 17. M\u00e4rz 1930, also kurz nach dem B\u00f6rsencrash von 1929, begonnen. \t<div class=\"ngg-gallery-singlepic-image ngg-right\" style=\"max-width: 120px\">\n\t\t\t\t<a href=\"http:\/\/www.new-york-weblog.de\/wp-content\/gallery\/esb\/P1010930.JPG\"\n\t\t\ttitle=\"\"\n\t\t\tdata-src=\"http:\/\/www.new-york-weblog.de\/wp-content\/gallery\/esb\/P1010930.JPG\"\n\t\t\tdata-thumbnail=\"http:\/\/www.new-york-weblog.de\/wp-content\/gallery\/esb\/thumbs\/thumbs_P1010930.JPG\"\n\t\t\tdata-image-id=\"417\"\n\t\t\tdata-title=\"P1010930.JPG\"\n\t\t\tdata-description=\"\"\n\t\t\ttarget='_self'\n\t\t\tclass=\"shutterset_e5494d1c69c3e99d450eda1f842d6555\">\n\t\t\t<img class=\"ngg-singlepic\"\n\t\t\t\tsrc=\"http:\/\/www.new-york-weblog.de\/wp-content\/gallery\/esb\/cache\/P1010930.JPG-nggid03417-ngg0dyn-120x155x100-00f0w010c010r110f110r010t010.JPG\"\n\t\t\t\talt=\"P1010930.JPG\"\n\t\t\t\ttitle=\"P1010930.JPG\"\n\t\t\t\t\t\t\t\t\twidth=\"120\" \t\t\t\t\t\t\t\/>\n\t\t<\/a>\n\t\t\t<\/div>\n\t\tDer Finanzier von General Motors John Jacob Raskob lieferte sich zum damaligen Zeitpunkt ein Wettbewerb mit Walter Chrysler, dem Gr\u00fcnder der Chrysler Corporation, wer denn das h\u00f6chste Geb\u00e4ude bauen k\u00f6nne. Mit der Er\u00f6ffnung des Empire State Buildings am 1. Mai 1931 l\u00f6ste es das Chrysler Building als h\u00f6chstes Geb\u00e4ude der Welt ab. W\u00e4hrend das Chrysler Building auf eine H\u00f6he von 282 Meter bis zum Dach kommt, erreicht das Empire State eine H\u00f6he von 381 Metern, inklusive Antenne sogar 449,5 Meter.<br \/>\n1972 wurde es als h\u00f6chstes Geb\u00e4ude der Erde vom World Trade Center abgel\u00f6st, ist jedoch seit dem 11. September 2001 zumindest wieder das h\u00f6chste Geb\u00e4ude von New York.<br \/>\nDa der Wolkenkratzer jedoch in einer wirtschaftlich sehr schlechten Zeit erbaut wurde, standen zu Beginn viele der B\u00fcror\u00e4ume leer und nur durch die Aussichtsplattform, welche zum beliebten Touristenziel wurde, konnte das Geb\u00e4ude vor dem Bankrott bewahrt werden.<br \/>\nDas vom Architekten William Lamb entworfene Hochaus wurde in Rekordzeit erbaut, im Durchschnitt wurden 4,5 Stockwerke pro Woche errichtet. Zum Schluss der Bauarbeiten wurde noch ein Mast montiert, der ursp\u00fcnglich als Anlegestelle f\u00fcr Luftschiffe dienen sollte und heute als Sendemast dient.<\/p>\n<p><center><br \/>\n<a href=\"http:\/\/www.tkqlhce.com\/9898mu2-u1HLJLPJINHJINOJIRI?url=http%3A%2F%2Fwww.trustedtours.com%2Fstore%2FEmpire-State-Building-Observatory-C810.aspx\" target=\"_blank\" onmouseover=\"window.status='http:\/\/www.trustedtours.com';return true;\" onmouseout=\"window.status=' ';return true;\"><img decoding=\"async\" src=\"http:\/\/www.new-york-weblog.de\/images\/ad-links\/banner-esb.jpg\" alt=\"Tickets f\u00fcr das Empire State Building kaufen\" style=\"border: 1px solid black\" \/><\/a><img loading=\"lazy\" decoding=\"async\" src=\"http:\/\/www.tqlkg.com\/3566z15u-yJNLNRLKPJLKPQLKTK\" width=\"1\" height=\"1\" border=\"0\"\/><br \/>\n<\/center><\/p>\n<p>\t<div class=\"ngg-gallery-singlepic-image ngg-left\" style=\"max-width: 179px\">\n\t\t\t\t<a href=\"http:\/\/www.new-york-weblog.de\/wp-content\/gallery\/esb\/P1020015.JPG\"\n\t\t\ttitle=\"\"\n\t\t\tdata-src=\"http:\/\/www.new-york-weblog.de\/wp-content\/gallery\/esb\/P1020015.JPG\"\n\t\t\tdata-thumbnail=\"http:\/\/www.new-york-weblog.de\/wp-content\/gallery\/esb\/thumbs\/thumbs_P1020015.JPG\"\n\t\t\tdata-image-id=\"419\"\n\t\t\tdata-title=\"P1020015.JPG\"\n\t\t\tdata-description=\"\"\n\t\t\ttarget='_self'\n\t\t\tclass=\"shutterset_ee08c688f71dd20d5042aa4b6f13a3de\">\n\t\t\t<img class=\"ngg-singlepic\"\n\t\t\t\tsrc=\"http:\/\/www.new-york-weblog.de\/wp-content\/gallery\/esb\/cache\/P1020015.JPG-nggid03419-ngg0dyn-180x106x100-00f0w010c010r110f110r010t010.JPG\"\n\t\t\t\talt=\"P1020015.JPG\"\n\t\t\t\ttitle=\"P1020015.JPG\"\n\t\t\t\t\t\t\t\t\twidth=\"179\" \t\t\t\t\t\t\t\/>\n\t\t<\/a>\n\t\t\t<\/div>\n\t\tAuch heute noch ist das Empire State Building eines der beliebtesten Touristenziele. Schon von weitem erkennt man seine unverkennbare Beleuchtung der oberen Stockwerke. Normalerweise werden diese mit wei\u00dfem Licht angestrahlt, jedoch werden zu besonderen Anl\u00e4ssen auch andere Farben verwendet. Den genauen <a href=\"http:\/\/www.esbnyc.com\/tourism\/tourism_lightingschedule.cfm?CFID=32707954&#038;CFTOKEN=65535699\">Beleuchtungsplan<\/a> findet man auf der offiziellen Homepage.<br \/>\nDas Empire State Building bietet Besuchern zwei verschiedene Aussichtsplattformen. Eine im 86. Stock auf einer H\u00f6he von 320 Metern und ein Aussichtsdeck im 102. Stock in 381. Metern H\u00f6he. Von dort kann man an klaren Tagen bis zu 120 Kilometer weit sehen. Der Eintritt kostet f\u00fcr Erwachsene ca. 20 Dollar, die Aussichtsterasse im 102. Stock schl\u00e4gt nochmal mit 15 Dollar zus\u00e4tzlich zu Buche.<br \/>\n\t<div class=\"ngg-gallery-singlepic-image ngg-right\" style=\"max-width: 179px\">\n\t\t\t\t<a href=\"http:\/\/www.new-york-weblog.de\/wp-content\/gallery\/esb\/top-of-the-rocks-bilder45.jpg\"\n\t\t\ttitle=\"\"\n\t\t\tdata-src=\"http:\/\/www.new-york-weblog.de\/wp-content\/gallery\/esb\/top-of-the-rocks-bilder45.jpg\"\n\t\t\tdata-thumbnail=\"http:\/\/www.new-york-weblog.de\/wp-content\/gallery\/esb\/thumbs\/thumbs_top-of-the-rocks-bilder45.jpg\"\n\t\t\tdata-image-id=\"423\"\n\t\t\tdata-title=\"top-of-the-rocks-bilder45.jpg\"\n\t\t\tdata-description=\"\"\n\t\t\ttarget='_self'\n\t\t\tclass=\"shutterset_7a099921c5b05421dc08673035ab5ba2\">\n\t\t\t<img class=\"ngg-singlepic\"\n\t\t\t\tsrc=\"http:\/\/www.new-york-weblog.de\/wp-content\/gallery\/esb\/cache\/top-of-the-rocks-bilder45.jpg-nggid03423-ngg0dyn-180x106x100-00f0w010c010r110f110r010t010.jpg\"\n\t\t\t\talt=\"top-of-the-rocks-bilder45.jpg\"\n\t\t\t\ttitle=\"top-of-the-rocks-bilder45.jpg\"\n\t\t\t\t\t\t\t\t\twidth=\"179\" \t\t\t\t\t\t\t\/>\n\t\t<\/a>\n\t\t\t<\/div>\n\t\tAu\u00dferdem besteht die M\u00f6glichkeit gegen 8 Dollar Aufpreis eine Audio Tour zu buchen, welche in verschiedenen Sprachen verf\u00fcgbar ist. Das Empire State Building ist 365 Tage im Jahr immer von 8 Uhr morgens bis 2 Uhr nachts ge\u00f6ffnet. Der letzte Aufzug f\u00e4hrt um 1:15 Uhr nach oben. Laut diversen Empfehlungen anderer Besucher empfiehlt es sich m\u00f6glichst fr\u00fch oder sp\u00e4t einen Besuch einzuplanen, wenn man l\u00e4ngere Wartezeiten vermeiden will. Oder man umgeht die Warteschlangen mit einem Express Pass f\u00fcr ca. 45 Dollar. Den obligatorischen Sicherheitscheck muss allerdings jeder Besucher durchlaufen. Eine weitere Attraktion ist der New York Skyride (<a href=\"http:\/\/www.skyride.com\/\">www.skyride.com<\/a>) im 2. Stock, bei dem man an einem virtuellen Flug \u00fcber New York teilnimmt. Au\u00dferdem findet man nat\u00fcrlich die obligatorischen Souvenirl\u00e4den im Empire State Building.<\/p>\n<p>Fakten zum Empire State Building:<\/p>\n<p>Adresse: <span itemprop=\"address\">350 5th Avenue New York, NY<\/span><br \/>\nOffizielle Website: <a href=\"http:\/\/www.esbnyc.com?phpMyAdmin=Nhyobn7b%2C9GiMz-pJ8SnuC2flMc\" target=\"blank\" itemprop=\"url\">www.esbnyc.com<\/a><br \/>\nLage: <a href=\"http:\/\/maps.google.de\/maps?hl=de&#038;lr=lang_de&#038;q=empire+state+building&#038;bav=on.2,or.r_gc.r_pw.&#038;biw=1366&#038;bih=559&#038;wrapid=tlif130943571365951&#038;um=1&#038;ie=UTF-8&#038;hq=&#038;hnear=0x89c259a9b359a741:0x9185e164a68f7573,Empire+State+Bldg,+350+5th+Ave,+Manhattan,+NY+10001,+Vereinigte+Staaten&#038;gl=de&#038;ei=QWcMTqHzJtOu8QOB-bS9Dg&#038;sa=X&#038;oi=geocode_result&#038;ct=image&#038;resnum=1&#038;ved=0CDcQ8gEwAA\" target=\"blank\" itemprop=\"maps\">http:\/\/maps.google.de<\/a><br \/>\n\u00d6ffnungszeiten: 8 Uhr morgens bis 2 Uhr nachts &#8211; an 7 Tagen in der Woche<br \/>\nTelefon: <span itemprop=\"telephone\">(212) 736-3100<\/span><br \/>\nH\u00f6he: 381 Meter (inklusive Antenne 449, 5 Meter)<br \/>\n102 Stockwerke<br \/>\n73 Aufz\u00fcge<br \/>\n1860 Stufen von der Stra\u00dfe bis zur Spitze<br \/>\n<a href=\"http:\/\/www.new-york-weblog.de\/index.php\/fotoalbum\/bilder-vom-empire-state-building\/\" itemprop=\"image\">Bilder vom Empire State Building<\/a>\n<\/div>\n<p><a href=\"http:\/\/www.tkqlhce.com\/9898mu2-u1HLJLPJINHJINOJIRI?url=http%3A%2F%2Fwww.trustedtours.com%2Fstore%2FEmpire-State-Building-Observatory-C810.aspx\" target=\"_blank\" onmouseover=\"window.status='http:\/\/www.trustedtours.com';return true;\" onmouseout=\"window.status=' ';return true;\">Tickets f\u00fcr das Empire State Building kaufen<\/a><img loading=\"lazy\" decoding=\"async\" src=\"http:\/\/www.tqlkg.com\/3566z15u-yJNLNRLKPJLKPQLKTK\" width=\"1\" height=\"1\" border=\"0\"\/><\/p>\n","protected":false},"excerpt":{"rendered":"<p>Eines der Wahrzeichen New Yorks ist ohne Frage das Empire State Building. Wer einmal den Ausblick von der Aussichtsplattform des Wolkenkratzers genie\u00dfen durfte, wird diesen wohl so schnell nicht wieder vergessen. Mit dem Bau des Geb\u00e4udes wurde am 17. M\u00e4rz 1930, also kurz nach dem B\u00f6rsencrash von 1929, begonnen. Der Finanzier von General Motors John [&hellip;]<\/p>\n","protected":false},"author":1,"featured_media":0,"parent":1133,"menu_order":0,"comment_status":"open","ping_status":"open","template":"a-z-seite.php","meta":{"ngg_post_thumbnail":0,"footnotes":""},"class_list":["post-1130","page","type-page","status-publish","hentry"],"aioseo_notices":[],"_links":{"self":[{"href":"http:\/\/www.new-york-weblog.de\/index.php\/wp-json\/wp\/v2\/pages\/1130","targetHints":{"allow":["GET"]}}],"collection":[{"href":"http:\/\/www.new-york-weblog.de\/index.php\/wp-json\/wp\/v2\/pages"}],"about":[{"href":"http:\/\/www.new-york-weblog.de\/index.php\/wp-json\/wp\/v2\/types\/page"}],"author":[{"embeddable":true,"href":"http:\/\/www.new-york-weblog.de\/index.php\/wp-json\/wp\/v2\/users\/1"}],"replies":[{"embeddable":true,"href":"http:\/\/www.new-york-weblog.de\/index.php\/wp-json\/wp\/v2\/comments?post=1130"}],"version-history":[{"count":35,"href":"http:\/\/www.new-york-weblog.de\/index.php\/wp-json\/wp\/v2\/pages\/1130\/revisions"}],"predecessor-version":[{"id":1193,"href":"http:\/\/www.new-york-weblog.de\/index.php\/wp-json\/wp\/v2\/pages\/1130\/revisions\/1193"}],"up":[{"embeddable":true,"href":"http:\/\/www.new-york-weblog.de\/index.php\/wp-json\/wp\/v2\/pages\/1133"}],"wp:attachment":[{"href":"http:\/\/www.new-york-weblog.de\/index.php\/wp-json\/wp\/v2\/media?parent=1130"}],"curies":[{"name":"wp","href":"https:\/\/api.w.org\/{rel}","templated":true}]}}