{"id":1266,"date":"2009-04-16T16:22:30","date_gmt":"2009-04-16T14:22:30","guid":{"rendered":"http:\/\/www.new-york-weblog.de\/?page_id=1266"},"modified":"2009-04-28T14:21:04","modified_gmt":"2009-04-28T12:21:04","slug":"belvedere-castle","status":"publish","type":"page","link":"http:\/\/www.new-york-weblog.de\/index.php\/new-york-von-a-bis-z\/belvedere-castle\/","title":{"rendered":"Belvedere Castle"},"content":{"rendered":"<p>\t<div class=\"ngg-gallery-singlepic-image ngg-right\" style=\"max-width: 138px\">\n\t\t\t\t<a href=\"http:\/\/www.new-york-weblog.de\/wp-content\/gallery\/belvedere-castle\/p1030270.jpg\"\n\t\t\ttitle=\"\"\n\t\t\tdata-src=\"http:\/\/www.new-york-weblog.de\/wp-content\/gallery\/belvedere-castle\/p1030270.jpg\"\n\t\t\tdata-thumbnail=\"http:\/\/www.new-york-weblog.de\/wp-content\/gallery\/belvedere-castle\/thumbs\/thumbs_p1030270.jpg\"\n\t\t\tdata-image-id=\"464\"\n\t\t\tdata-title=\"p1030270.jpg\"\n\t\t\tdata-description=\"\"\n\t\t\ttarget='_self'\n\t\t\tclass=\"shutterset_a4d33f1ef3761a2c447a56bce5df7c47\">\n\t\t\t<img class=\"ngg-singlepic\"\n\t\t\t\tsrc=\"http:\/\/www.new-york-weblog.de\/wp-content\/gallery\/belvedere-castle\/cache\/p1030270.jpg-nggid03464-ngg0dyn-180x106x100-00f0w010c010r110f110r010t010.jpg\"\n\t\t\t\talt=\"p1030270.jpg\"\n\t\t\t\ttitle=\"p1030270.jpg\"\n\t\t\t\t\t\t\t\t\twidth=\"138\" \t\t\t\t\t\t\t\/>\n\t\t<\/a>\n\t\t\t<\/div>\n\t\tBelvedere Castle liegt im Herzen des Central Parks und ist eine kleine Burg auf einer Anh\u00f6he namens Vista Rock und somit die h\u00f6chste Erhebung des Parks. Von dem Geb\u00e4ude aus hat man einen sch\u00f6nen Ausblick auf den gesamten Park und die Stadt, sowie auf das Delacorte Theater, wo im Sommer kostenfreie Shakespeare-St\u00fccke aufgef\u00fchrt werden und den direkt unterhalb gelegenen Turtle Pond. Au\u00dferdem dient Belvedere Castle als Wetterstation und das Henry Luce Nature Observatory, welches sich im Geb\u00e4ude befindet, bringt jungen Besuchern die vielf\u00e4ltige Tierwelt des Parks n\u00e4her.<\/p>\n","protected":false},"excerpt":{"rendered":"<p>Belvedere Castle liegt im Herzen des Central Parks und ist eine kleine Burg auf einer Anh\u00f6he namens Vista Rock und somit die h\u00f6chste Erhebung des Parks. Von dem Geb\u00e4ude aus hat man einen sch\u00f6nen Ausblick auf den gesamten Park und die Stadt, sowie auf das Delacorte Theater, wo im Sommer kostenfreie Shakespeare-St\u00fccke aufgef\u00fchrt werden und [&hellip;]<\/p>\n","protected":false},"author":2,"featured_media":0,"parent":1133,"menu_order":0,"comment_status":"open","ping_status":"open","template":"a-z-seite.php","meta":{"ngg_post_thumbnail":0,"footnotes":""},"class_list":["post-1266","page","type-page","status-publish","hentry"],"aioseo_notices":[],"_links":{"self":[{"href":"http:\/\/www.new-york-weblog.de\/index.php\/wp-json\/wp\/v2\/pages\/1266","targetHints":{"allow":["GET"]}}],"collection":[{"href":"http:\/\/www.new-york-weblog.de\/index.php\/wp-json\/wp\/v2\/pages"}],"about":[{"href":"http:\/\/www.new-york-weblog.de\/index.php\/wp-json\/wp\/v2\/types\/page"}],"author":[{"embeddable":true,"href":"http:\/\/www.new-york-weblog.de\/index.php\/wp-json\/wp\/v2\/users\/2"}],"replies":[{"embeddable":true,"href":"http:\/\/www.new-york-weblog.de\/index.php\/wp-json\/wp\/v2\/comments?post=1266"}],"version-history":[{"count":5,"href":"http:\/\/www.new-york-weblog.de\/index.php\/wp-json\/wp\/v2\/pages\/1266\/revisions"}],"predecessor-version":[{"id":1322,"href":"http:\/\/www.new-york-weblog.de\/index.php\/wp-json\/wp\/v2\/pages\/1266\/revisions\/1322"}],"up":[{"embeddable":true,"href":"http:\/\/www.new-york-weblog.de\/index.php\/wp-json\/wp\/v2\/pages\/1133"}],"wp:attachment":[{"href":"http:\/\/www.new-york-weblog.de\/index.php\/wp-json\/wp\/v2\/media?parent=1266"}],"curies":[{"name":"wp","href":"https:\/\/api.w.org\/{rel}","templated":true}]}}