{"id":1276,"date":"2009-04-29T14:37:15","date_gmt":"2009-04-29T12:37:15","guid":{"rendered":"http:\/\/www.new-york-weblog.de\/?page_id=1276"},"modified":"2009-04-29T14:37:15","modified_gmt":"2009-04-29T12:37:15","slug":"the-ramble","status":"publish","type":"page","link":"http:\/\/www.new-york-weblog.de\/index.php\/new-york-von-a-bis-z\/the-ramble\/","title":{"rendered":"The Ramble"},"content":{"rendered":"<div style=\"width: 160px; float:right; padding:5px 0px 2px 10px;\">\n<a href=\"http:\/\/www.flickr.com\/photos\/philliecasablanca\/2111685754\/\"><img decoding=\"async\" src=\"http:\/\/www.new-york-weblog.de\/images\/a-z\/the-ramble.jpg\"><\/a><br \/>\n<span style=\"float:right;font-size: 8px;\"><a href=\"http:\/\/www.flickr.com\/photos\/philliecasablanca\/\">Bild von Phillie Casablanca<\/a><\/span><\/div>\n<p>The Ramble ist ein ca. 15 Hektar gro\u00dfes Waldgebiet inmitten des Central Parks. Obwohl auch hier die Landschaft genauestens geplant wurde, erweckt es den Anschein unber\u00fchrter Natur. Zahlreiche schmale Fu\u00dfwege f\u00fchren den Besucher durch das Geh\u00f6lz. The Ramble ist au\u00dferdem ein Paradies f\u00fcr Vogelliebhaber, \u00fcber 270 verschiedene Arten konnten hier bereits gez\u00e4hlt werden.<\/p>\n","protected":false},"excerpt":{"rendered":"<p>Bild von Phillie Casablanca The Ramble ist ein ca. 15 Hektar gro\u00dfes Waldgebiet inmitten des Central Parks. Obwohl auch hier die Landschaft genauestens geplant wurde, erweckt es den Anschein unber\u00fchrter Natur. Zahlreiche schmale Fu\u00dfwege f\u00fchren den Besucher durch das Geh\u00f6lz. The Ramble ist au\u00dferdem ein Paradies f\u00fcr Vogelliebhaber, \u00fcber 270 verschiedene Arten konnten hier bereits [&hellip;]<\/p>\n","protected":false},"author":2,"featured_media":0,"parent":1133,"menu_order":0,"comment_status":"open","ping_status":"open","template":"a-z-seite.php","meta":{"ngg_post_thumbnail":0,"footnotes":""},"class_list":["post-1276","page","type-page","status-publish","hentry"],"aioseo_notices":[],"_links":{"self":[{"href":"http:\/\/www.new-york-weblog.de\/index.php\/wp-json\/wp\/v2\/pages\/1276","targetHints":{"allow":["GET"]}}],"collection":[{"href":"http:\/\/www.new-york-weblog.de\/index.php\/wp-json\/wp\/v2\/pages"}],"about":[{"href":"http:\/\/www.new-york-weblog.de\/index.php\/wp-json\/wp\/v2\/types\/page"}],"author":[{"embeddable":true,"href":"http:\/\/www.new-york-weblog.de\/index.php\/wp-json\/wp\/v2\/users\/2"}],"replies":[{"embeddable":true,"href":"http:\/\/www.new-york-weblog.de\/index.php\/wp-json\/wp\/v2\/comments?post=1276"}],"version-history":[{"count":8,"href":"http:\/\/www.new-york-weblog.de\/index.php\/wp-json\/wp\/v2\/pages\/1276\/revisions"}],"predecessor-version":[{"id":1349,"href":"http:\/\/www.new-york-weblog.de\/index.php\/wp-json\/wp\/v2\/pages\/1276\/revisions\/1349"}],"up":[{"embeddable":true,"href":"http:\/\/www.new-york-weblog.de\/index.php\/wp-json\/wp\/v2\/pages\/1133"}],"wp:attachment":[{"href":"http:\/\/www.new-york-weblog.de\/index.php\/wp-json\/wp\/v2\/media?parent=1276"}],"curies":[{"name":"wp","href":"https:\/\/api.w.org\/{rel}","templated":true}]}}