{"id":1404,"date":"2009-11-03T16:02:20","date_gmt":"2009-11-03T14:02:20","guid":{"rendered":"http:\/\/www.new-york-weblog.de\/?page_id=1404"},"modified":"2009-11-04T21:10:36","modified_gmt":"2009-11-04T19:10:36","slug":"times-square","status":"publish","type":"page","link":"http:\/\/www.new-york-weblog.de\/index.php\/new-york-von-a-bis-z\/times-square\/","title":{"rendered":"Times Square"},"content":{"rendered":"<p>Der an der Kreuzung Broadway und Seventh Avenue gelegene Times Square ist eines der beliebtesten Touristenziele der Stadt New York. Weltbekannt sind die Leuchtreklamen, die den Platz in allen Farben hell erleuchten. Doch der Times Square kann nicht nur auf strahlende Jahre zur\u00fcckblicken, daher m\u00f6chte ich an dieser Stelle einen kurzen R\u00fcckblick \u00fcber seine bewegte Vergangenheit geben.<br \/>\n\t<div class=\"ngg-gallery-singlepic-image ngg-right\" style=\"max-width: 138px\">\n\t\t\t\t<a href=\"http:\/\/www.new-york-weblog.de\/wp-content\/gallery\/times-square-a-z\/times-square-bilder19.jpg\"\n\t\t\ttitle=\"\"\n\t\t\tdata-src=\"http:\/\/www.new-york-weblog.de\/wp-content\/gallery\/times-square-a-z\/times-square-bilder19.jpg\"\n\t\t\tdata-thumbnail=\"http:\/\/www.new-york-weblog.de\/wp-content\/gallery\/times-square-a-z\/thumbs\/thumbs_times-square-bilder19.jpg\"\n\t\t\tdata-image-id=\"536\"\n\t\t\tdata-title=\"times-square-bilder19\"\n\t\t\tdata-description=\"\"\n\t\t\ttarget='_self'\n\t\t\tclass=\"shutterset_23ac98bbd2bf0c87b748c0042927ff8d\">\n\t\t\t<img class=\"ngg-singlepic\"\n\t\t\t\tsrc=\"http:\/\/www.new-york-weblog.de\/wp-content\/gallery\/times-square-a-z\/cache\/times-square-bilder19.jpg-nggid03536-ngg0dyn-180x106x100-00f0w010c010r110f110r010t010.jpg\"\n\t\t\t\talt=\"times-square-bilder19\"\n\t\t\t\ttitle=\"times-square-bilder19\"\n\t\t\t\t\t\t\t\t\twidth=\"138\" \t\t\t\t\t\t\t\/>\n\t\t<\/a>\n\t\t\t<\/div>\n\t\tDer Times Square wurde im Jahr 1904 von Longacre Square in seinen heutigen Namen umbenannt und ist seitdem ein wichtiger Teil der New Yorker Geschichte geworden.<br \/>\nDort wo fr\u00fcher Pferdeh\u00e4ndler, Schmieden und St\u00e4lle zu finden waren, hatte sich die Zeitung New York Times niedergelassen, die dem Platz seinen Namen geben sollte. Dieses Jahr markierte auch den Beginn der Reklametafeln, die den Times Square in Zukunft pr\u00e4gen sollten. In der Folgezeit siedelten sich immer mehr Theater, Musicalh\u00e4user und Kabaretts im Bereich von der 42. bis zur 50. Stra\u00dfe an, zeitweise gab es mehr als 80 Theather in dieser Gegend. Zwischen 1910 und 1920 verhalfen ber\u00fchmte Pers\u00f6nlichkeiten wie Charlie Chaplin, Fred und Adele Astaire und viele andere dem Kulturzentrum am Times Square zu seinem riesigen Erfolg. 1930 erfolgte die Aufteilung in zwei Teile, das n\u00f6rdliche Ende wurde in Father Duffy Square umbenannt, der S\u00fcdteil behielt seinen Namen.<br \/>\n\t<div class=\"ngg-gallery-singlepic-image ngg-left\" style=\"max-width: 138px\">\n\t\t\t\t<a href=\"http:\/\/www.new-york-weblog.de\/wp-content\/gallery\/times-square-a-z\/times-square-bilder54.jpg\"\n\t\t\ttitle=\"\"\n\t\t\tdata-src=\"http:\/\/www.new-york-weblog.de\/wp-content\/gallery\/times-square-a-z\/times-square-bilder54.jpg\"\n\t\t\tdata-thumbnail=\"http:\/\/www.new-york-weblog.de\/wp-content\/gallery\/times-square-a-z\/thumbs\/thumbs_times-square-bilder54.jpg\"\n\t\t\tdata-image-id=\"538\"\n\t\t\tdata-title=\"times-square-bilder54\"\n\t\t\tdata-description=\"\"\n\t\t\ttarget='_self'\n\t\t\tclass=\"shutterset_12fe8f3a29d818260f0e6f825e7887d7\">\n\t\t\t<img class=\"ngg-singlepic\"\n\t\t\t\tsrc=\"http:\/\/www.new-york-weblog.de\/wp-content\/gallery\/times-square-a-z\/cache\/times-square-bilder54.jpg-nggid03538-ngg0dyn-180x106x100-00f0w010c010r110f110r010t010.jpg\"\n\t\t\t\talt=\"times-square-bilder54\"\n\t\t\t\ttitle=\"times-square-bilder54\"\n\t\t\t\t\t\t\t\t\twidth=\"138\" \t\t\t\t\t\t\t\/>\n\t\t<\/a>\n\t\t\t<\/div>\n\t\tDer Niedergang folgte mit dem Beginn der gro\u00dfen Depression Anfang der 30er Jahre. Zun\u00e4chst konnten die Theater und Restaurants noch dem Absturz der Wirtschaft widerstehen, da viele Menschen dort versuchten vor ihrer bitteren Realit\u00e4t zu fl\u00fcchten. Doch mit der Zeit mussten immer mehr von ihnen die Pforten schlie\u00dfen. Mit dem Aufkommen der Fernsehger\u00e4te in den 50er Jahren war das Schicksal der Broadwayshows endg\u00fcltig besiegelt. Damit standen in den 60er Jahren viele Geb\u00e4ude pl\u00f6tzlich leer und das Gesicht des Times Square wandelte sich grundlegend. Anstelle der Theater und Musicals pr\u00e4gten nun Striplokale, Pornokinos und Sexl\u00e4den das Bild in den Stra\u00dfen an der bekannten Stra\u00dfenkreuzung. Dieser neue Wirtschaftszweig zog jedoch immer mehr kriminelles Gesindel an und so verkam der einst bl\u00fchende Times Square zu einem Treffpunkt f\u00fcr Prostituierte, Drogendealer, Obdachlose und Taschendiebe. Die ungemein hohe Verbrechensrate lie\u00df auch die Touristen ausbleiben und daher schlossen sich Anfang der 80er Jahre Unternehmen und Offizielle der Stadt New York zusammen, um den guten Ruf des Times Squares wiederherzustellen.<br \/>\nNeue Gesetze und Bauvorschriften, sowie die Erneuerung der Geb\u00e4ude und Stra\u00dfen f\u00fchrten dazu, da\u00df sich auch wieder gro\u00dfe und namenhafte Firmen am Times Square ansiedelten, die Sexindustrie wich immer mehr zur\u00fcck. Inzwischen sind Mieter der Geb\u00e4ude per Gesetz dazu verpflichtet Leuchtreklame an den Bauten anzubringen, um das bekannte \u00c4u\u00dfere zu erhalten.<br \/>\nDer Times Square hat also eine wechselhafte Geschichte hinter sich, doch er ist heutzutage immer noch das was er immer war: ein Zentrum der Unterhaltung und Anziehungspunkt f\u00fcr tausende Menschen.<\/p>\n<p>\t<div class=\"ngg-gallery-singlepic-image ngg-right\" style=\"max-width: 179px\">\n\t\t\t\t<a href=\"http:\/\/www.new-york-weblog.de\/wp-content\/gallery\/times-square-a-z\/times-square-bilder41.jpg\"\n\t\t\ttitle=\"\"\n\t\t\tdata-src=\"http:\/\/www.new-york-weblog.de\/wp-content\/gallery\/times-square-a-z\/times-square-bilder41.jpg\"\n\t\t\tdata-thumbnail=\"http:\/\/www.new-york-weblog.de\/wp-content\/gallery\/times-square-a-z\/thumbs\/thumbs_times-square-bilder41.jpg\"\n\t\t\tdata-image-id=\"537\"\n\t\t\tdata-title=\"times-square-bilder41\"\n\t\t\tdata-description=\"\"\n\t\t\ttarget='_self'\n\t\t\tclass=\"shutterset_1e009045551389d4585d602756fbb5dc\">\n\t\t\t<img class=\"ngg-singlepic\"\n\t\t\t\tsrc=\"http:\/\/www.new-york-weblog.de\/wp-content\/gallery\/times-square-a-z\/cache\/times-square-bilder41.jpg-nggid03537-ngg0dyn-180x106x100-00f0w010c010r110f110r010t010.jpg\"\n\t\t\t\talt=\"times-square-bilder41\"\n\t\t\t\ttitle=\"times-square-bilder41\"\n\t\t\t\t\t\t\t\t\twidth=\"179\" \t\t\t\t\t\t\t\/>\n\t\t<\/a>\n\t\t\t<\/div>\n\t\tEine besondere Neuerung gab es im Sommer 2009: Nach einigen Umbauma\u00dfnahmen wurde der Gro\u00dfteil des Times Squares f\u00fcr Fahrzeuge gesperrt und der Platz zu einer gro\u00dfen Fu\u00dfg\u00e4ngerzone mitten in Manhattan. Diese Ma\u00dfnahme wird sicher dazu beitragen den Status als Touristenziel weiter zu steigern, zumal der Times Square noch einiges mehr zu bieten hat als die Leuchtreklamen, die besonders bei Dunkelheit sehr beeindruckend sind.<br \/>\nBekannt ist der Times Square auch durch seine Silvesterfeier, die jedes Jahr ca. eine Millionen Besucher in ihren Bann zieht. Bei dem seit 1904 stattfindenden sogenannten Ball Drop wird eine riesige Lichterkugel an einem Mast heruntergelassen, anschlie\u00dfend wird traditionell das Lied Auld Lang Syne angestimmt.<br \/>\nEine weitere bekannte \u201eSehensw\u00fcrdigkeit\u201c am Times Square ist der Naked Cowboy, der nur mit Cowboyhut, Unterhose und Stiefel bekleidet mit seiner Gitarre auftritt.<br \/>\nWer gerne einmal einige aktuelle Eindr\u00fccke vom Geschehen am Times Square gewinnen m\u00f6chte, sollte sich meinen Artikel <a href=\"http:\/\/www.new-york-weblog.de\/index.php\/links\/new-york-webcams\/\">Webcams von New York<\/a> einmal etwas genauer anschauen, dort findet man auch Webcams vom Times Square.<\/p>\n<p>Fakten zum Times Square:<br \/>\nHomepage: <a href=\"http:\/\/timessquare.com\/\">http:\/\/timessquare.com\/<\/a><br \/>\n<a href=\"http:\/\/www.new-york-weblog.de\/index.php\/fotoalbum\/bilder-vom-times-square\/\">Bilder vom Times Square<\/a><\/p>\n","protected":false},"excerpt":{"rendered":"<p>Der an der Kreuzung Broadway und Seventh Avenue gelegene Times Square ist eines der beliebtesten Touristenziele der Stadt New York. Weltbekannt sind die Leuchtreklamen, die den Platz in allen Farben hell erleuchten. Doch der Times Square kann nicht nur auf strahlende Jahre zur\u00fcckblicken, daher m\u00f6chte ich an dieser Stelle einen kurzen R\u00fcckblick \u00fcber seine bewegte [&hellip;]<\/p>\n","protected":false},"author":2,"featured_media":0,"parent":1133,"menu_order":0,"comment_status":"open","ping_status":"open","template":"a-z-seite.php","meta":{"ngg_post_thumbnail":0,"footnotes":""},"class_list":["post-1404","page","type-page","status-publish","hentry"],"aioseo_notices":[],"_links":{"self":[{"href":"http:\/\/www.new-york-weblog.de\/index.php\/wp-json\/wp\/v2\/pages\/1404","targetHints":{"allow":["GET"]}}],"collection":[{"href":"http:\/\/www.new-york-weblog.de\/index.php\/wp-json\/wp\/v2\/pages"}],"about":[{"href":"http:\/\/www.new-york-weblog.de\/index.php\/wp-json\/wp\/v2\/types\/page"}],"author":[{"embeddable":true,"href":"http:\/\/www.new-york-weblog.de\/index.php\/wp-json\/wp\/v2\/users\/2"}],"replies":[{"embeddable":true,"href":"http:\/\/www.new-york-weblog.de\/index.php\/wp-json\/wp\/v2\/comments?post=1404"}],"version-history":[{"count":8,"href":"http:\/\/www.new-york-weblog.de\/index.php\/wp-json\/wp\/v2\/pages\/1404\/revisions"}],"predecessor-version":[{"id":1423,"href":"http:\/\/www.new-york-weblog.de\/index.php\/wp-json\/wp\/v2\/pages\/1404\/revisions\/1423"}],"up":[{"embeddable":true,"href":"http:\/\/www.new-york-weblog.de\/index.php\/wp-json\/wp\/v2\/pages\/1133"}],"wp:attachment":[{"href":"http:\/\/www.new-york-weblog.de\/index.php\/wp-json\/wp\/v2\/media?parent=1404"}],"curies":[{"name":"wp","href":"https:\/\/api.w.org\/{rel}","templated":true}]}}