{"id":1709,"date":"2010-01-19T15:11:39","date_gmt":"2010-01-19T13:11:39","guid":{"rendered":"http:\/\/www.new-york-weblog.de\/?page_id=1709"},"modified":"2010-02-23T13:00:51","modified_gmt":"2010-02-23T11:00:51","slug":"rockeller-center-new-york","status":"publish","type":"page","link":"http:\/\/www.new-york-weblog.de\/index.php\/new-york-von-a-bis-z\/rockeller-center-new-york\/","title":{"rendered":"Rockefeller Center New York"},"content":{"rendered":"<p>Das Rockefeller Center ist ein zwischen Empire State Building und Central Park gelegener Geb\u00e4udekomplex. Dieser bietet diverse bekannte New Yorker Sehensw\u00fcrdigkeiten und ist daher Anziehungspunkt f\u00fcr Touristen aus aller Welt. Welche Attraktionen das genau sind, wie das Rockefeller Center entstanden ist und weitere interessante Fakten m\u00f6chte ich im Folgenden genauer erl\u00e4utern.<\/p>\n<p><strong>Entstehung des Rockefeller Centers<\/strong><br \/>\nDen entscheidenden Anstoss zum Bau des Rockefeller Centers gab urspr\u00fcnglich die New Yorker Oper, die Metropolitan Opera. Diese plante ein neues Geb\u00e4ude zu errichten und konnte damit John D. Rockefeller II., einer der reichsten M\u00e4nner des damaligen Amerikas, f\u00fcr ihre Pl\u00e4ne begeistern. Er plante die neue Oper in eine Gruppe von mehreren Geb\u00e4uden einzubinden und so ein neues Kulturzentrum entstehen zu lassen. Rockefeller pachtete daher im Jahr 1928 ein Gel\u00e4nde, das sich zu diesem Zeitpunkt im Besitz der Columbia Universit\u00e4t befand, doch der B\u00f6rsencrash von 1929 machte allen Pl\u00e4nen einen Strich durch die Rechnung. Aufgrund finanzieller Schwierigkeiten zog sich die Metropolitan Opera aus dem Projekt zur\u00fcck und Rockefeller stand vor der Entscheidung alle Pl\u00e4ne zu begraben oder das Projekt komplett aus seinen eigenen Mitteln zu finanzieren und alleine fortzusetzen.<br \/>\nDa er bis zu diesem Zeitpunkt schon einige Investitionen geleistet hatte entschied er sich das Vorhaben auf eigene Faust durchzuf\u00fchren und so begann im Jahr 1930 der Bau des ersten von insgesamt 14 Geb\u00e4uden im Art-Deco-Stil.<br \/>\n\t<div class=\"ngg-gallery-singlepic-image ngg-right\" style=\"max-width: 120px\">\n\t\t\t\t<a href=\"http:\/\/www.new-york-weblog.de\/wp-content\/gallery\/rockefeller-center\/ge-building.jpg\"\n\t\t\ttitle=\"GE Building\"\n\t\t\tdata-src=\"http:\/\/www.new-york-weblog.de\/wp-content\/gallery\/rockefeller-center\/ge-building.jpg\"\n\t\t\tdata-thumbnail=\"http:\/\/www.new-york-weblog.de\/wp-content\/gallery\/rockefeller-center\/thumbs\/thumbs_ge-building.jpg\"\n\t\t\tdata-image-id=\"698\"\n\t\t\tdata-title=\"ge-building\"\n\t\t\tdata-description=\"GE Building\"\n\t\t\ttarget='_self'\n\t\t\tclass=\"shutterset_5c0db8e0797b9f357a2cfc0ad8f0ab4a\">\n\t\t\t<img class=\"ngg-singlepic\"\n\t\t\t\tsrc=\"http:\/\/www.new-york-weblog.de\/wp-content\/gallery\/rockefeller-center\/cache\/ge-building.jpg-nggid03698-ngg0dyn-120x155x100-00f0w010c010r110f110r010t010.jpg\"\n\t\t\t\talt=\"ge-building\"\n\t\t\t\ttitle=\"ge-building\"\n\t\t\t\t\t\t\t\t\twidth=\"120\" \t\t\t\t\t\t\t\/>\n\t\t<\/a>\n\t\t\t<\/div>\n\t\t40.000 Menschen arbeiteten w\u00e4hrend dieser wirtschaftlich schwierigen Zeit an der Erbauung der Hochh\u00e4user, welche Raum f\u00fcr B\u00fcros, Apartments, Gesch\u00e4fte, Restaurants, Theater, Kinos und \u00e4hnliches bieten sollten. Das gr\u00f6\u00dfte und wichtigste Geb\u00e4ude des Rockefeller Centers ist das heutige GE Building. Seine Adresse lautet 30 Rockefeller Plaza und wird deswegen h\u00e4ufig auch als 30 Rock bezeichnet und bekam nach seiner Fertigstellung im Jahr 1933 den Name RCA Building, benannt nach seinem Hauptmieter der Radio Corporation of America. Nach Fertigstellung des RCA Buildings im Jahr 1933 wurde das Rockefeller Center offiziell f\u00fcr Unternehmen er\u00f6ffnet. Die endg\u00fcltige Fertigstellung aller 14 Geb\u00e4ude des Rockefeller Centers erfolgte dann im Jahr 1939. Bis zu diesem Zeitpunkt hatte sich das Rockefeller Center schon durch verschiedene Sehensw\u00fcrdigkeiten einen Namen gemacht:<\/p>\n<p><strong>The Top of the Rock<\/strong><br \/>\nEin Highlight des Rockefeller Centers ist das Top of the Rock Obeservation Deck. Wer mehr \u00fcber die Aussichtsplattform auf dem GE-Building erfahren m\u00f6chte, sollte sich meinen Artikel <a href=\"http:\/\/www.new-york-weblog.de\/index.php\/new-york-von-a-bis-z\/top-of-the-rock-aussichtsplattform\/\">Top of the Rock Aussichtsplattform<\/a> ansehen.<\/p>\n<p><strong>Radio City Music Hall<\/strong><br \/>\n\t<div class=\"ngg-gallery-singlepic-image ngg-left\" style=\"max-width: 100px\">\n\t\t\t\t<a href=\"http:\/\/www.new-york-weblog.de\/wp-content\/gallery\/rockefeller-center\/radio-city-hall.jpg\"\n\t\t\ttitle=\"Radio City Music Hall\"\n\t\t\tdata-src=\"http:\/\/www.new-york-weblog.de\/wp-content\/gallery\/rockefeller-center\/radio-city-hall.jpg\"\n\t\t\tdata-thumbnail=\"http:\/\/www.new-york-weblog.de\/wp-content\/gallery\/rockefeller-center\/thumbs\/thumbs_radio-city-hall.jpg\"\n\t\t\tdata-image-id=\"701\"\n\t\t\tdata-title=\"radio-city-hall\"\n\t\t\tdata-description=\"Radio City Music Hall\"\n\t\t\ttarget='_self'\n\t\t\tclass=\"shutterset_b8b783afb2d7651689368ba46d928490\">\n\t\t\t<img class=\"ngg-singlepic\"\n\t\t\t\tsrc=\"http:\/\/www.new-york-weblog.de\/wp-content\/gallery\/rockefeller-center\/cache\/radio-city-hall.jpg-nggid03701-ngg0dyn-100x166x100-00f0w010c010r110f110r010t010.jpg\"\n\t\t\t\talt=\"radio-city-hall\"\n\t\t\t\ttitle=\"radio-city-hall\"\n\t\t\t\t\t\t\t\t\twidth=\"100\" \t\t\t\t\t\t\t\/>\n\t\t<\/a>\n\t\t\t<\/div>\n\t\tUnter anderem \u00f6ffnete 1932 die Radio City Music Hall erstmals ihre Pforten. Sie wurde als das gr\u00f6\u00dfte und pr\u00e4chtigste Theater der Welt angepriesen und sollte urspr\u00fcnglich International Music Hall hei\u00dfen. Wurde dann aber in Anlehnung an die NBC Studios, welche ins GE Building eingezogen waren, in Radio City Music Hall umgetauft. Das Theater bietet Platz f\u00fcr 5.933 Personen und an <a href=\"http:\/\/www.new-york-weblog.de\/index.php\/reiseplanung\/die-besten-tipps-fur-weihnachten-in-new-york\/\">Weihnachten<\/a> tritt dort die bekannte Showtanzgruppe The Rockettes auf.<\/p>\n<p><strong>Christmas Tree Lighting Ceremony und Ice Skating Rink<\/strong><br \/>\nSeit 1931 existiert auch die Tradition den riesigen und weltber\u00fchmten Weihnachtsbaum vor dem GE Building zu erleuchten. Au\u00dferdem wurde 1936 erstmals die Eislaufbahn am Rockefeller Center ge\u00f6ffnet.<\/p>\n<p>Au\u00dferdem ist das Rockefeller Center bekannt f\u00fcr seine Kunstobjekte. Zum Beispiel findet man an der Terasse auf der auch die Eislaufbahn aufgestellt wird, die goldene Prometheus Statue von Paul Manship und vor dem International Building an der Fifth Avenue die Atlas Statue von Lee Lawrie.<\/p>\n<p>\t<div class=\"ngg-gallery-singlepic-image ngg-right\" style=\"max-width: 100px\">\n\t\t\t\t<a href=\"http:\/\/www.new-york-weblog.de\/wp-content\/gallery\/rockefeller-center\/atlas.jpg\"\n\t\t\ttitle=\"Atlas Statue\"\n\t\t\tdata-src=\"http:\/\/www.new-york-weblog.de\/wp-content\/gallery\/rockefeller-center\/atlas.jpg\"\n\t\t\tdata-thumbnail=\"http:\/\/www.new-york-weblog.de\/wp-content\/gallery\/rockefeller-center\/thumbs\/thumbs_atlas.jpg\"\n\t\t\tdata-image-id=\"699\"\n\t\t\tdata-title=\"atlas\"\n\t\t\tdata-description=\"Atlas Statue\"\n\t\t\ttarget='_self'\n\t\t\tclass=\"shutterset_e6d97f54706a7e6349d0cd7e608f1cb1\">\n\t\t\t<img class=\"ngg-singlepic\"\n\t\t\t\tsrc=\"http:\/\/www.new-york-weblog.de\/wp-content\/gallery\/rockefeller-center\/cache\/atlas.jpg-nggid03699-ngg0dyn-100x166x100-00f0w010c010r110f110r010t010.jpg\"\n\t\t\t\talt=\"atlas\"\n\t\t\t\ttitle=\"atlas\"\n\t\t\t\t\t\t\t\t\twidth=\"100\" \t\t\t\t\t\t\t\/>\n\t\t<\/a>\n\t\t\t<\/div>\n\t\tUnterhalb des Rockefeller Center befinden sich unterirdische Ladenstra\u00dfen, die die einzelnen Geb\u00e4ude miteinander verbinden. Au\u00dferdem bietet das Rockefeller Center zwei kleinere Parks, Garden Park und McGraw-Hill Park genannt.<\/p>\n<p>In den 60er- und 70er-Jahren wurden 4 weitere Geb\u00e4ude gebaut, die dem Rockefeller Center angeschlossen wurden.<br \/>\nFolgende Geb\u00e4ude geh\u00f6ren zum Rockefeller Center:<\/p>\n<ul>\n<li>One Rockefeller Plaza \u2013 urspr\u00fcnglich das Time\u2013Life Building<\/li>\n<li>10 Rockefeller Plaza \u2013 fr\u00fcher das Eastern Air Lines Building.<\/li>\n<li>30 Rockefeller Plaza (30 Rock): GE Building (fr\u00fcher RCA &amp; RCA West Buildings)<\/li>\n<li>1240 Avenue of the Americas<\/li>\n<li>50 Rockefeller Plaza: Bank of America Building \u2013 fr\u00fcher Associated Press Building<\/li>\n<li>1230 Avenue of the Americas: Simon &amp; Schuster Building<\/li>\n<li>1260 Avenue of the Americas: Radio City Music Hall<\/li>\n<li>1270 Avenue of the Americas: fr\u00fcher RKO Building, sp\u00e4ter American Metal Climax (AMAX) Building<\/li>\n<li>600 Fifth Avenue: fr\u00fcher Sinclair Oil Building<\/li>\n<li>610 Fifth Avenue: La Maison Francaise<\/li>\n<li>620 Fifth Avenue: British Empire Building<\/li>\n<li>626 Fifth Avenue: Palazzo d&#8217;Italia<\/li>\n<li>630 Fifth Avenue: International Building<\/li>\n<li>636 Fifth Avenue: International Building North<\/li>\n<li>1271 Avenue of the Americas: Time-Life Building<\/li>\n<li>1251 Avenue of the Americas: fr\u00fcher Standard Oil [NJ] Building, sp\u00e4ter Exxon Building<\/li>\n<li>1221 Avenue of the Americas: McGraw-Hill Building<\/li>\n<li>1211 Avenue of the Americas: fr\u00fcher Celanese Building, auch bekannt als News Corp. Building<\/li>\n<li>745 Seventh Avenue: Barclays Capital, fr\u00fcher Lehman Brothers Building<\/li>\n<\/ul>\n<p><strong>Fakten zum Rockefeller Center:<\/strong><br \/>\nAdresse: 30 Rockefeller Plaza, New York, NY 10112<br \/>\nH\u00f6chstes Geb\u00e4ude: GE Building mit 259 Meter<br \/>\nFl\u00e4che: 8,8 Hektar<br \/>\nArchitekt: Raymond Hood<br \/>\nOffizielle Webseite: <a href=\"http:\/\/www.rockefellercenter.com\">www.rockefellercenter.com<\/a><br \/>\n<a href=\"http:\/\/www.new-york-weblog.de\/index.php\/fotoalbum\/bilder-vom-top-of-the-rocks\/\">Bilder vom Top of the Rock<\/a><\/p>\n","protected":false},"excerpt":{"rendered":"<p>Das Rockefeller Center ist ein zwischen Empire State Building und Central Park gelegener Geb\u00e4udekomplex. Dieser bietet diverse bekannte New Yorker Sehensw\u00fcrdigkeiten und ist daher Anziehungspunkt f\u00fcr Touristen aus aller Welt. Welche Attraktionen das genau sind, wie das Rockefeller Center entstanden ist und weitere interessante Fakten m\u00f6chte ich im Folgenden genauer erl\u00e4utern. Entstehung des Rockefeller Centers [&hellip;]<\/p>\n","protected":false},"author":2,"featured_media":0,"parent":1133,"menu_order":0,"comment_status":"open","ping_status":"open","template":"a-z-seite.php","meta":{"ngg_post_thumbnail":0,"footnotes":""},"class_list":["post-1709","page","type-page","status-publish","hentry"],"aioseo_notices":[],"_links":{"self":[{"href":"http:\/\/www.new-york-weblog.de\/index.php\/wp-json\/wp\/v2\/pages\/1709","targetHints":{"allow":["GET"]}}],"collection":[{"href":"http:\/\/www.new-york-weblog.de\/index.php\/wp-json\/wp\/v2\/pages"}],"about":[{"href":"http:\/\/www.new-york-weblog.de\/index.php\/wp-json\/wp\/v2\/types\/page"}],"author":[{"embeddable":true,"href":"http:\/\/www.new-york-weblog.de\/index.php\/wp-json\/wp\/v2\/users\/2"}],"replies":[{"embeddable":true,"href":"http:\/\/www.new-york-weblog.de\/index.php\/wp-json\/wp\/v2\/comments?post=1709"}],"version-history":[{"count":12,"href":"http:\/\/www.new-york-weblog.de\/index.php\/wp-json\/wp\/v2\/pages\/1709\/revisions"}],"predecessor-version":[{"id":1787,"href":"http:\/\/www.new-york-weblog.de\/index.php\/wp-json\/wp\/v2\/pages\/1709\/revisions\/1787"}],"up":[{"embeddable":true,"href":"http:\/\/www.new-york-weblog.de\/index.php\/wp-json\/wp\/v2\/pages\/1133"}],"wp:attachment":[{"href":"http:\/\/www.new-york-weblog.de\/index.php\/wp-json\/wp\/v2\/media?parent=1709"}],"curies":[{"name":"wp","href":"https:\/\/api.w.org\/{rel}","templated":true}]}}