{"id":2067,"date":"2010-07-14T13:30:16","date_gmt":"2010-07-14T11:30:16","guid":{"rendered":"http:\/\/www.new-york-weblog.de\/?page_id=2067"},"modified":"2010-07-14T13:33:13","modified_gmt":"2010-07-14T11:33:13","slug":"chinatown-in-new-york-city","status":"publish","type":"page","link":"http:\/\/www.new-york-weblog.de\/index.php\/new-york-von-a-bis-z\/chinatown-in-new-york-city\/","title":{"rendered":"Chinatown in New York City"},"content":{"rendered":"<p>\t<div class=\"ngg-gallery-singlepic-image ngg-right\" style=\"max-width: 160px\">\n\t\t\t\t<a href=\"http:\/\/www.new-york-weblog.de\/wp-content\/gallery\/chinatown\/chinatown06.jpg\"\n\t\t\ttitle=\"\"\n\t\t\tdata-src=\"http:\/\/www.new-york-weblog.de\/wp-content\/gallery\/chinatown\/chinatown06.jpg\"\n\t\t\tdata-thumbnail=\"http:\/\/www.new-york-weblog.de\/wp-content\/gallery\/chinatown\/thumbs\/thumbs_chinatown06.jpg\"\n\t\t\tdata-image-id=\"91\"\n\t\t\tdata-title=\"chinatown06.jpg\"\n\t\t\tdata-description=\"\"\n\t\t\ttarget='_self'\n\t\t\tclass=\"shutterset_a3ebe0897191c91ed221dfceaa072bfd\">\n\t\t\t<img class=\"ngg-singlepic\"\n\t\t\t\tsrc=\"http:\/\/www.new-york-weblog.de\/wp-content\/gallery\/chinatown\/cache\/chinatown06.jpg-nggid0291-ngg0dyn-160x120x100-00f0w010c010r110f110r010t010.jpg\"\n\t\t\t\talt=\"chinatown06.jpg\"\n\t\t\t\ttitle=\"chinatown06.jpg\"\n\t\t\t\t\t\t\t\t\twidth=\"160\" \t\t\t\t\t\t\t\/>\n\t\t<\/a>\n\t\t\t<\/div>\n\t\tNew York verdankt seinen gro\u00dfen Erfolg und seine heutige Bedeutung zum einem gro\u00dfen Teil auch seinen Einwanderern, die die Stadt zu dem gemacht haben, was sie heute ist.<br \/>\n\u00dcberall in New York findet man Viertel, die gr\u00f6\u00dftenteils von einer einzelnen ethnischen Bev\u00f6lkerungsgruppe bewohnt werden. Die gr\u00f6\u00dfte dieser Gruppen bildet die chinesische Gemeinschaft, die mit ihren gesch\u00e4tzten 100.000 &#8211; 150.000 Bewohnern, die gr\u00f6\u00dfte chinesische Siedlung au\u00dferhalb Asiens darstellt.<\/p>\n<p>Die ungef\u00e4hren Grenzen des in Manhattan gelegenen Chinatowns sind im Norden die Canal Street, im Osten die Bowery, die Worth Street im S\u00fcden und die Baxter Street im Westen.<br \/>\nAllerdings dehnt sich das Viertel heutzutage immer weiter aus und die diese Grenzen werden mehr und mehr \u00fcberschritten. Neben dem bekannten Chinatown Manhattans gibt es auch noch ein Chinatown in Brooklyn, sowie in Queens.<\/p>\n<p><strong>Einkaufen in Chinatown<\/strong><br \/>\nIm Gegensatz zu vielen anderen besteht das Chinatown in Manhattan sowohl aus Wohn- als auch Gesch\u00e4ftsbereichen. Historisch bedingt ist das Stadtbild in Chinatown deutlich abgekapselt vom restlichen Erscheinungsbild New Yorks: \u00dcberall an den L\u00e4den findet man chinesische Schriftzeichen und weniger als 55 Prozent der Bewohner beherrschen die englische Sprache.<br \/>\nIn den L\u00e4den selbst findet man typische chinesische Produkte wie chinesische Lebensmittel, Skulpturen oder Antiquit\u00e4ten. Einen Besuch wert sind auch die h\u00e4ufig stattfindenden Flohm\u00e4rkte, die mit ihren einzigartigen Waren zum st\u00f6bern einladen. Daraus ergibt sich auch die Beliebtheit Chinatowns bei vielen Touristen, da man sich einfach f\u00fchlt als w\u00e4re man mitten in Hongkong oder Peking und nicht in Manhattan. \t<div class=\"ngg-gallery-singlepic-image ngg-left\" style=\"max-width: 160px\">\n\t\t\t\t<a href=\"http:\/\/www.new-york-weblog.de\/wp-content\/gallery\/chinatown\/chinatown08.jpg\"\n\t\t\ttitle=\"\"\n\t\t\tdata-src=\"http:\/\/www.new-york-weblog.de\/wp-content\/gallery\/chinatown\/chinatown08.jpg\"\n\t\t\tdata-thumbnail=\"http:\/\/www.new-york-weblog.de\/wp-content\/gallery\/chinatown\/thumbs\/thumbs_chinatown08.jpg\"\n\t\t\tdata-image-id=\"93\"\n\t\t\tdata-title=\"chinatown08.jpg\"\n\t\t\tdata-description=\"\"\n\t\t\ttarget='_self'\n\t\t\tclass=\"shutterset_2ec541a0d19cba749b11a35e6b0dc5ee\">\n\t\t\t<img class=\"ngg-singlepic\"\n\t\t\t\tsrc=\"http:\/\/www.new-york-weblog.de\/wp-content\/gallery\/chinatown\/cache\/chinatown08.jpg-nggid0293-ngg0dyn-160x120x100-00f0w010c010r110f110r010t010.jpg\"\n\t\t\t\talt=\"chinatown08.jpg\"\n\t\t\t\ttitle=\"chinatown08.jpg\"\n\t\t\t\t\t\t\t\t\twidth=\"160\" \t\t\t\t\t\t\t\/>\n\t\t<\/a>\n\t\t\t<\/div>\n\t\tEin weiterer beliebter Anziehungspunkt f\u00fcr New York Besucher ist der Fake Market: Dort findet man g\u00fcnstige Imitate von teuren Uhren, Parfums, Schuhen, Taschen und \u00e4hnlichem. Auch wenn man bei der Qualit\u00e4t der Waren nat\u00fcrlich Abstriche machen muss, so kann man hier trotzdem einige nette Mitbringsel f\u00fcr zuhause ergattern.<\/p>\n<p><strong>Chinesische Spezialit\u00e4ten<\/strong><br \/>\nWer au\u00dferdem chinesisches Essen mag, f\u00fcr den f\u00fchrt eigentlich kein Weg an Chinatown vorbei.<br \/>\nHier gibt es zahlreiche Restaurants und Imbissbuden, an denen man f\u00fcr relativ wenig Geld satt wird und auch viele einheimische New Yorker zieht es am Wochenende zum Essen gehen oft nach Chinatown.<\/p>\n<p><strong>Sehensw\u00fcrdigkeiten in Chinatown<\/strong><br \/>\nF\u00fcr alle die dann noch mehr \u00fcber die chinesische Kultur erfahren m\u00f6chten, bietet sich ein Besuch im <a href=\"http:\/\/www.mocanyc.org\/\">Museum of Chinese in America<\/a> an. Das Museum befasst sich haupts\u00e4chlich mit chinesischer Kunst aus Amerika, doch hat auch noch andere interessante Ausstellungen zu bieten.<br \/>\nSehenswert ist au\u00dferdem der Mahayana Buddhist Temple, in dem sich eine etwa 5 Meter gro\u00dfe Buddha Statue verbirgt, sowie der Columbus Park, in dem man die Chinesen beim Mahjong spielen beobachten kann.<\/p>\n","protected":false},"excerpt":{"rendered":"<p>New York verdankt seinen gro\u00dfen Erfolg und seine heutige Bedeutung zum einem gro\u00dfen Teil auch seinen Einwanderern, die die Stadt zu dem gemacht haben, was sie heute ist. \u00dcberall in New York findet man Viertel, die gr\u00f6\u00dftenteils von einer einzelnen ethnischen Bev\u00f6lkerungsgruppe bewohnt werden. Die gr\u00f6\u00dfte dieser Gruppen bildet die chinesische Gemeinschaft, die mit ihren [&hellip;]<\/p>\n","protected":false},"author":2,"featured_media":0,"parent":1133,"menu_order":0,"comment_status":"open","ping_status":"open","template":"a-z-seite.php","meta":{"ngg_post_thumbnail":0,"footnotes":""},"class_list":["post-2067","page","type-page","status-publish","hentry"],"aioseo_notices":[],"_links":{"self":[{"href":"http:\/\/www.new-york-weblog.de\/index.php\/wp-json\/wp\/v2\/pages\/2067","targetHints":{"allow":["GET"]}}],"collection":[{"href":"http:\/\/www.new-york-weblog.de\/index.php\/wp-json\/wp\/v2\/pages"}],"about":[{"href":"http:\/\/www.new-york-weblog.de\/index.php\/wp-json\/wp\/v2\/types\/page"}],"author":[{"embeddable":true,"href":"http:\/\/www.new-york-weblog.de\/index.php\/wp-json\/wp\/v2\/users\/2"}],"replies":[{"embeddable":true,"href":"http:\/\/www.new-york-weblog.de\/index.php\/wp-json\/wp\/v2\/comments?post=2067"}],"version-history":[{"count":19,"href":"http:\/\/www.new-york-weblog.de\/index.php\/wp-json\/wp\/v2\/pages\/2067\/revisions"}],"predecessor-version":[{"id":2086,"href":"http:\/\/www.new-york-weblog.de\/index.php\/wp-json\/wp\/v2\/pages\/2067\/revisions\/2086"}],"up":[{"embeddable":true,"href":"http:\/\/www.new-york-weblog.de\/index.php\/wp-json\/wp\/v2\/pages\/1133"}],"wp:attachment":[{"href":"http:\/\/www.new-york-weblog.de\/index.php\/wp-json\/wp\/v2\/media?parent=2067"}],"curies":[{"name":"wp","href":"https:\/\/api.w.org\/{rel}","templated":true}]}}